{"id":2859,"date":"2025-01-15T13:46:37","date_gmt":"2025-01-15T12:46:37","guid":{"rendered":"https:\/\/suite.softneos.com\/enllac-amb-erp-i-altres-sistemes-connector-universal\/"},"modified":"2025-02-24T14:06:57","modified_gmt":"2025-02-24T13:06:57","slug":"enllac-amb-erp-i-altres-sistemes-connector-universal","status":"publish","type":"page","link":"https:\/\/suite.softneos.com\/es\/enllac-amb-erp-i-altres-sistemes-connector-universal\/","title":{"rendered":"Enlace con ERP y otros sistemas (conector universal)"},"content":{"rendered":"<p>[et_pb_section fb_built=\u00bb1&#8243; _builder_version=\u00bb4.20.2&#8243; background_color=\u00bb#f7f7f7&#8243; use_background_color_gradient=\u00bbon\u00bb background_color_gradient_direction=\u00bb250deg\u00bb background_color_gradient_stops=\u00bbrgba(0,61,132,0.85) 0%|rgba(195,213,0,0.84) 100%\u00bb background_color_gradient_overlays_image=\u00bbon\u00bb background_image=\u00bb\/wp-content\/uploads\/2023\/06\/produccio_cnc_softneos_suite-min.jpg\u00bb module_alignment=\u00bbcenter\u00bb custom_padding=\u00bb0px|0px|0px|0px|false|false\u00bb top_divider_color=\u00bb#686868&#8243; bottom_divider_style=\u00bbarrow\u00bb bottom_divider_color=\u00bb#FFFFFF\u00bb background_last_edited=\u00bbon|phone\u00bb background_image_phone=\u00bb\/wp-content\/uploads\/2023\/06\/produccio_cnc_softneos_suite-m-min.jpg\u00bb background_enable_image_phone=\u00bbon\u00bb locked=\u00bboff\u00bb global_colors_info=\u00bb{}\u00bb][et_pb_row make_equal=\u00bbon\u00bb module_class=\u00bbalign-items-center\u00bb _builder_version=\u00bb4.20.2&#8243; background_size=\u00bbinitial\u00bb background_position=\u00bbtop_left\u00bb background_repeat=\u00bbrepeat\u00bb module_alignment=\u00bbcenter\u00bb custom_margin=\u00bb|auto|||false|false\u00bb custom_padding=\u00bb100px|0px|100px|0px|true|false\u00bb global_colors_info=\u00bb{}\u00bb][et_pb_column type=\u00bb4_4&#8243; _builder_version=\u00bb4.20.2&#8243; custom_padding=\u00bb|30px||10px|false|false\u00bb global_colors_info=\u00bb{}\u00bb][et_pb_text _builder_version=\u00bb4.20.2&#8243; text_font=\u00bb||||||||\u00bb header_font=\u00bbPoppins|600|||||||\u00bb header_font_size=\u00bb2.7vw\u00bb header_line_height=\u00bb1.5em\u00bb text_orientation=\u00bbcenter\u00bb background_layout=\u00bbdark\u00bb max_width=\u00bb80%\u00bb max_width_tablet=\u00bb\u00bb max_width_phone=\u00bb\u00bb max_width_last_edited=\u00bbon|phone\u00bb module_alignment=\u00bbcenter\u00bb custom_margin=\u00bb||20px\u00bb animation_style=\u00bbfade\u00bb header_font_size_tablet=\u00bb38px\u00bb header_font_size_phone=\u00bb28px\u00bb header_font_size_last_edited=\u00bbon|phone\u00bb header_text_shadow_style=\u00bbpreset3&#8243; header_text_shadow_vertical_length=\u00bb0.3em\u00bb header_text_shadow_blur_strength=\u00bb1.4em\u00bb header_text_shadow_color=\u00bbrgba(0,0,0,0.24)\u00bb global_colors_info=\u00bb{}\u00bb header_3_font_size__hover=\u00bb22px\u00bb header_3_font_size__hover_enabled=\u00bb22px\u00bb header_3_letter_spacing__hover=\u00bb0px\u00bb header_3_letter_spacing__hover_enabled=\u00bb0px\u00bb header_3_line_height__hover=\u00bb1em\u00bb header_3_line_height__hover_enabled=\u00bb1em\u00bb header_3_text_shadow_style__hover=\u00bbnone\u00bb header_3_text_shadow_style__hover_enabled=\u00bbnone\u00bb header_3_text_shadow_color__hover=\u00bbrgba(0,0,0,0.4)\u00bb header_3_text_shadow_color__hover_enabled=\u00bbrgba(0,0,0,0.4)\u00bb]<\/p>\n<h1 style=\"text-align: center;\"><span>Enlace con\u00a0<\/span><span>ERP<\/span><span>\u00a0y otros sistemas (conector universal)<\/span><\/h1>\n<p>[\/et_pb_text][et_pb_divider divider_weight=\u00bb2px\u00bb _builder_version=\u00bb4.20.2&#8243; _module_preset=\u00bbdefault\u00bb width=\u00bb200px\u00bb module_alignment=\u00bbcenter\u00bb custom_margin=\u00bb|339px|10px||false|false\u00bb locked=\u00bboff\u00bb global_colors_info=\u00bb{}\u00bb][\/et_pb_divider][et_pb_cta button_url=\u00bbhttps:\/\/suite.softneos.com\/inici\/#contacte\u00bb button_text=\u00bbContactanos\u00bb _builder_version=\u00bb4.20.2&#8243; header_level=\u00bbh4&#8243; header_font=\u00bbVerdana||||||||\u00bb header_font_size=\u00bb23px\u00bb use_background_color=\u00bboff\u00bb custom_button=\u00bbon\u00bb button_text_size=\u00bb18px\u00bb button_text_color=\u00bb#ffffff\u00bb button_border_width=\u00bb4px\u00bb button_border_color=\u00bb#ffffff\u00bb button_border_radius=\u00bb0px\u00bb button_font=\u00bbPoppins||||||||\u00bb button_icon=\u00bb&#x39;||divi||400&#8243; button_icon_color=\u00bb#ffffff\u00bb button_on_hover=\u00bboff\u00bb background_layout=\u00bblight\u00bb custom_margin=\u00bb40px||||false|false\u00bb hover_enabled=\u00bb0&#8243; button_text_color_hover=\u00bb#ffffff\u00bb button_border_color_hover=\u00bb#c3d500&#8243; button_bg_color_hover=\u00bb#c3d500&#8243; locked=\u00bboff\u00bb global_colors_info=\u00bb{}\u00bb button_text_size__hover_enabled=\u00bboff\u00bb button_one_text_size__hover_enabled=\u00bboff\u00bb button_two_text_size__hover_enabled=\u00bboff\u00bb button_text_color__hover_enabled=\u00bbon\u00bb button_text_color__hover=\u00bb#ffffff\u00bb button_one_text_color__hover_enabled=\u00bboff\u00bb button_two_text_color__hover_enabled=\u00bboff\u00bb button_border_width__hover_enabled=\u00bboff\u00bb button_one_border_width__hover_enabled=\u00bboff\u00bb button_two_border_width__hover_enabled=\u00bboff\u00bb button_border_color__hover_enabled=\u00bbon\u00bb button_border_color__hover=\u00bb#c3d500&#8243; button_one_border_color__hover_enabled=\u00bboff\u00bb button_two_border_color__hover_enabled=\u00bboff\u00bb button_border_radius__hover_enabled=\u00bboff\u00bb button_one_border_radius__hover_enabled=\u00bboff\u00bb button_two_border_radius__hover_enabled=\u00bboff\u00bb button_letter_spacing__hover_enabled=\u00bboff\u00bb button_one_letter_spacing__hover_enabled=\u00bboff\u00bb button_two_letter_spacing__hover_enabled=\u00bboff\u00bb button_bg_color__hover_enabled=\u00bbon\u00bb button_bg_color__hover=\u00bb#c3d500&#8243; button_one_bg_color__hover_enabled=\u00bboff\u00bb button_two_bg_color__hover_enabled=\u00bboff\u00bb sticky_enabled=\u00bb0&#8243;][\/et_pb_cta][\/et_pb_column][\/et_pb_row][\/et_pb_section][et_pb_section fb_built=\u00bb1&#8243; custom_padding_last_edited=\u00bbon|desktop\u00bb _builder_version=\u00bb4.20.2&#8243; background_color=\u00bb#FFFFFF\u00bb custom_padding=\u00bb0|0px|130px|0px|false|false\u00bb custom_padding_tablet=\u00bb0|0px|130px|0px|false|false\u00bb custom_padding_phone=\u00bb0|0px|130px|0px|false|false\u00bb bottom_divider_color=\u00bbRGBA(255,255,255,0)\u00bb bottom_divider_height=\u00bb20px\u00bb locked=\u00bboff\u00bb global_colors_info=\u00bb{}\u00bb][et_pb_row _builder_version=\u00bb4.20.2&#8243; custom_padding=\u00bb40px||0px||false|false\u00bb global_colors_info=\u00bb{}\u00bb][et_pb_column type=\u00bb4_4&#8243; _builder_version=\u00bb4.16&#8243; custom_padding=\u00bb|||\u00bb global_colors_info=\u00bb{}\u00bb custom_padding__hover=\u00bb|||\u00bb][et_pb_divider divider_weight=\u00bb2px\u00bb _builder_version=\u00bb4.20.2&#8243; _module_preset=\u00bbdefault\u00bb width=\u00bb200px\u00bb module_alignment=\u00bbcenter\u00bb custom_margin=\u00bb0px||0px||false|false\u00bb locked=\u00bboff\u00bb global_colors_info=\u00bb{}\u00bb][\/et_pb_divider][\/et_pb_column][\/et_pb_row][\/et_pb_section][et_pb_section fb_built=\u00bb1&#8243; _builder_version=\u00bb4.20.2&#8243; _module_preset=\u00bbdefault\u00bb custom_padding=\u00bb||2px|||\u00bb global_colors_info=\u00bb{}\u00bb][et_pb_row column_structure=\u00bb1_2,1_2&#8243; _builder_version=\u00bb4.20.2&#8243; _module_preset=\u00bbdefault\u00bb global_colors_info=\u00bb{}\u00bb][et_pb_column type=\u00bb1_2&#8243; _builder_version=\u00bb4.20.2&#8243; _module_preset=\u00bbdefault\u00bb global_colors_info=\u00bb{}\u00bb][et_pb_accordion _builder_version=\u00bb4.20.2&#8243; _module_preset=\u00bbdefault\u00bb hover_enabled=\u00bb0&#8243; global_colors_info=\u00bb{}\u00bb sticky_enabled=\u00bb0&#8243;][et_pb_accordion_item title=\u00bbUniversal Connector\u00bb open=\u00bbon\u00bb _builder_version=\u00bb4.20.2&#8243; _module_preset=\u00bbdefault\u00bb hover_enabled=\u00bb0&#8243; global_colors_info=\u00bb{}\u00bb sticky_enabled=\u00bb0&#8243;]<\/p>\n<p><span>El proyecto\u00a0<strong>Universal Conector<\/strong> avanza una soluci\u00f3n innovadora, con el objetivo de conectar diferentes sistemas ampliamente utilizados a la industria. Su prop\u00f3sito principal es garantizar un \u00fanico dato existente entre sistemas, contribuyendo as\u00ed a la digitalizaci\u00f3n de las empresas y facilitando la implementaci\u00f3n.<\/span><\/p>\n<p>[\/et_pb_accordion_item][et_pb_accordion_item title=\u00bb\u00bfPor qu\u00e9?\u00bb _builder_version=\u00bb4.20.2&#8243; _module_preset=\u00bbdefault\u00bb hover_enabled=\u00bb0&#8243; global_colors_info=\u00bb{}\u00bb open=\u00bboff\u00bb sticky_enabled=\u00bb0&#8243;]<\/p>\n<p><span>En su primera fase, desarrollada en 2022 en el marco de la convocatoria de Apoyo a las\u00a0<\/span><span>AEI<\/span><span>, el proyecto se centr\u00f3 en el intercambio de datos entre\u00a0<\/span><span>ERP<\/span><span>\u00a0y\u00a0<\/span><span>PLMs<\/span><span>. Ahora, en esta nueva fase, se busca ampliar su alcance, permitiendo el uso del conector en una mayor variedad de enlaces y a\u00f1adiendo tecnolog\u00edas avanzadas como\u00a0<\/span><span>Blockchain<\/span><span>\u00a0y\u00a0<\/span><span>OCR<\/span><span>, entre otras.<\/span><\/p>\n<p><span>La necesidad de este conector universal surge de la gran cantidad de sistemas disponibles al mercado, la integraci\u00f3n de los cuales supone una elevada complejidad y requiere inversiones significativas. Universal Conector aborda este desaf\u00edo creando un conector \u00fanico y universal, independiente de los sistemas que conecta, con el objetivo de reducir costes y tiempos de implementaci\u00f3n.<\/span><\/p>\n<p>[\/et_pb_accordion_item][et_pb_accordion_item title=\u00bbFuturo\u00bb _builder_version=\u00bb4.20.2&#8243; _module_preset=\u00bbdefault\u00bb hover_enabled=\u00bb0&#8243; global_colors_info=\u00bb{}\u00bb open=\u00bboff\u00bb sticky_enabled=\u00bb0&#8243;]<\/p>\n<p><span>En esta fase, se ampliar\u00e1n las capacidades del conector, evalu\u00e1ndolo en sistemas comunes al mercado espa\u00f1ol mediante casos de uso espec\u00edficos. Esto permitir\u00e1 demostrar tanto la viabilidad del proyecto como la flexibilidad esperada. Adem\u00e1s, se incorporar\u00e1 la tecnolog\u00eda\u00a0<\/span><span>Blockchain<\/span><span>\u00a0para garantizar la seguridad y la integridad de los datos en los procesos de intercambio.<\/span><\/p>\n<p><span>Finalmente, el proyecto tambi\u00e9n investigar\u00e1 como integrar el Pasaporte Digital de Producto (<\/span><span>PDP)<\/span><span>\u00a0con el conector universal y los sistemas\u00a0<\/span><span>PLM<\/span><span>.<\/span><\/p>\n<p>[\/et_pb_accordion_item][\/et_pb_accordion][\/et_pb_column][et_pb_column type=\u00bb1_2&#8243; _builder_version=\u00bb4.20.2&#8243; _module_preset=\u00bbdefault\u00bb global_colors_info=\u00bb{}\u00bb][et_pb_image src=\u00bbhttps:\/\/suite.softneos.com\/wp-content\/uploads\/2025\/01\/4-1-e1736954298220.png\u00bb title_text=\u00bbUC\u00bb align=\u00bbcenter\u00bb _builder_version=\u00bb4.20.2&#8243; _module_preset=\u00bbdefault\u00bb width=\u00bb35%\u00bb global_colors_info=\u00bb{}\u00bb][\/et_pb_image][\/et_pb_column][\/et_pb_row][et_pb_row _builder_version=\u00bb4.20.2&#8243; _module_preset=\u00bbdefault\u00bb global_colors_info=\u00bb{}\u00bb][et_pb_column type=\u00bb4_4&#8243; _builder_version=\u00bb4.20.2&#8243; _module_preset=\u00bbdefault\u00bb global_colors_info=\u00bb{}\u00bb][et_pb_text _builder_version=\u00bb4.20.2&#8243; _module_preset=\u00bbdefault\u00bb custom_margin=\u00bb|100px||100px|false|true\u00bb hover_enabled=\u00bb0&#8243; global_colors_info=\u00bb{}\u00bb sticky_enabled=\u00bb0&#8243;]<\/p>\n<p><span>Proyecto financiado a trav\u00e9s de la l\u00ednea de ayudas de apoyo de las\u00a0<\/span><span>AEI<\/span><span>\u00a0del Ministerio de Industria y Turismo. Junto con\u00a0<\/span><span>SoftNeos<\/span><span>, tambi\u00e9n participan en este proyecto\u00a0<\/span><span>Smartech<\/span><span>\u00a0Cl\u00faster,\u00a0<\/span><span>Blue<\/span><span>\u00a0<\/span><span>Room<\/span><span>\u00a0<\/span><span>Innovation<\/span><span>,\u00a0<\/span><span>CT<\/span><span>\u00a0<\/span><span>Solutions<\/span><span>\u00a0y\u00a0<\/span><span>Innovasturias<\/span><\/p>\n<p>[\/et_pb_text][\/et_pb_column][\/et_pb_row][et_pb_row _builder_version=\u00bb4.20.2&#8243; _module_preset=\u00bbdefault\u00bb global_colors_info=\u00bb{}\u00bb][et_pb_column type=\u00bb4_4&#8243; _builder_version=\u00bb4.20.2&#8243; _module_preset=\u00bbdefault\u00bb global_colors_info=\u00bb{}\u00bb][et_pb_image src=\u00bbhttps:\/\/suite.softneos.com\/wp-content\/uploads\/2025\/01\/Logo-web-Universal-Connector.png\u00bb title_text=\u00bbUC\u00bb _builder_version=\u00bb4.20.2&#8243; _module_preset=\u00bbdefault\u00bb width=\u00bb100%\u00bb custom_margin=\u00bb|||-50px|false|false\u00bb global_colors_info=\u00bb{}\u00bb][\/et_pb_image][\/et_pb_column][\/et_pb_row][\/et_pb_section][et_pb_section fb_built=\u00bb1&#8243; module_id=\u00bbpreus\u00bb _builder_version=\u00bb4.16&#8243; border_width_bottom=\u00bb1&#8243; locked=\u00bboff\u00bb global_colors_info=\u00bb{}\u00bb][et_pb_row _builder_version=\u00bb4.20.2&#8243; _module_preset=\u00bbdefault\u00bb global_colors_info=\u00bb{}\u00bb][et_pb_column type=\u00bb4_4&#8243; _builder_version=\u00bb4.20.2&#8243; _module_preset=\u00bbdefault\u00bb global_colors_info=\u00bb{}\u00bb][et_pb_text _builder_version=\u00bb4.20.2&#8243; text_font=\u00bbPoppins|700|||||||\u00bb text_text_color=\u00bb#232323&#8243; text_font_size=\u00bb30px\u00bb header_font=\u00bbPoppins|700|||||||\u00bb header_2_font=\u00bbPoppins|300|||||||\u00bb header_2_text_color=\u00bb#003d84&#8243; header_2_font_size=\u00bb30px\u00bb custom_margin=\u00bb10px|||\u00bb hover_enabled=\u00bb0&#8243; locked=\u00bboff\u00bb global_colors_info=\u00bb{}\u00bb sticky_enabled=\u00bb0&#8243;]<\/p>\n<p><span style=\"display: flex; justify-content: center; text-align: center; font-family: 'Poppins',Helvetica,Arial,Lucida,sans-serif; font-weight: 300; font-size: 30px; color: #003d84!important;\">\u00bfNecesitas mas informaci\u00f3n?<\/span><\/p>\n<p>[\/et_pb_text][et_pb_button button_url=\u00bbhttp:\/\/suitenew.softneos.com\/inici\/#contacte\u00bb button_text=\u00bbContactanos\u00bb button_alignment=\u00bbcenter\u00bb _builder_version=\u00bb4.20.2&#8243; hover_enabled=\u00bb0&#8243; global_colors_info=\u00bb{}\u00bb button_one_text_size__hover_enabled=\u00bboff\u00bb button_two_text_size__hover_enabled=\u00bboff\u00bb button_one_text_color__hover_enabled=\u00bboff\u00bb button_two_text_color__hover_enabled=\u00bboff\u00bb button_one_border_width__hover_enabled=\u00bboff\u00bb button_two_border_width__hover_enabled=\u00bboff\u00bb button_one_border_color__hover_enabled=\u00bboff\u00bb button_two_border_color__hover_enabled=\u00bboff\u00bb button_one_border_radius__hover_enabled=\u00bboff\u00bb button_two_border_radius__hover_enabled=\u00bboff\u00bb button_one_letter_spacing__hover_enabled=\u00bboff\u00bb button_two_letter_spacing__hover_enabled=\u00bboff\u00bb button_one_bg_color__hover_enabled=\u00bboff\u00bb button_two_bg_color__hover_enabled=\u00bboff\u00bb sticky_enabled=\u00bb0&#8243;]&nbsp;<br \/>\n[\/et_pb_button][\/et_pb_column][\/et_pb_row][\/et_pb_section]<\/p>\n","protected":false},"excerpt":{"rendered":"<p>Enlace con\u00a0ERP\u00a0y otros sistemas (conector universal)El proyecto\u00a0Universal Conector avanza una soluci\u00f3n innovadora, con el objetivo de conectar diferentes sistemas ampliamente utilizados a la industria. Su prop\u00f3sito principal es garantizar un \u00fanico dato existente entre sistemas, contribuyendo as\u00ed a la digitalizaci\u00f3n de las empresas y facilitando la implementaci\u00f3n.En su primera fase, desarrollada en 2022 en el [&hellip;]<\/p>\n","protected":false},"author":1,"featured_media":0,"parent":0,"menu_order":0,"comment_status":"closed","ping_status":"closed","template":"","meta":{"_et_pb_use_builder":"on","_et_pb_old_content":"","_et_gb_content_width":"","footnotes":""},"class_list":["post-2859","page","type-page","status-publish","hentry"],"yoast_head":"<!-- This site is optimized with the Yoast SEO plugin v25.6 - https:\/\/yoast.com\/wordpress\/plugins\/seo\/ -->\n<title>Enlace con ERP y otros sistemas (conector universal) - SoftNeos Suite<\/title>\n<meta name=\"robots\" content=\"index, follow, max-snippet:-1, max-image-preview:large, max-video-preview:-1\" \/>\n<link rel=\"canonical\" href=\"https:\/\/suite.softneos.com\/es\/enllac-amb-erp-i-altres-sistemes-connector-universal\/\" \/>\n<meta property=\"og:locale\" content=\"es_ES\" \/>\n<meta property=\"og:type\" content=\"article\" \/>\n<meta property=\"og:title\" content=\"Enlace con ERP y otros sistemas (conector universal) - SoftNeos Suite\" \/>\n<meta property=\"og:description\" content=\"Enlace con\u00a0ERP\u00a0y otros sistemas (conector universal)El proyecto\u00a0Universal Conector avanza una soluci\u00f3n innovadora, con el objetivo de conectar diferentes sistemas ampliamente utilizados a la industria. Su prop\u00f3sito principal es garantizar un \u00fanico dato existente entre sistemas, contribuyendo as\u00ed a la digitalizaci\u00f3n de las empresas y facilitando la implementaci\u00f3n.En su primera fase, desarrollada en 2022 en el [&hellip;]\" \/>\n<meta property=\"og:url\" content=\"https:\/\/suite.softneos.com\/es\/enllac-amb-erp-i-altres-sistemes-connector-universal\/\" \/>\n<meta property=\"og:site_name\" content=\"SoftNeos Suite\" \/>\n<meta property=\"article:publisher\" content=\"https:\/\/www.facebook.com\/softneosinformatica\" \/>\n<meta property=\"article:modified_time\" content=\"2025-02-24T13:06:57+00:00\" \/>\n<meta name=\"twitter:card\" content=\"summary_large_image\" \/>\n<meta name=\"twitter:site\" content=\"@softneoscom\" \/>\n<meta name=\"twitter:label1\" content=\"Tiempo de lectura\" \/>\n\t<meta name=\"twitter:data1\" content=\"3 minutos\" \/>\n<!-- \/ Yoast SEO plugin. -->","yoast_head_json":{"title":"Enlace con ERP y otros sistemas (conector universal) - SoftNeos Suite","robots":{"index":"index","follow":"follow","max-snippet":"max-snippet:-1","max-image-preview":"max-image-preview:large","max-video-preview":"max-video-preview:-1"},"canonical":"https:\/\/suite.softneos.com\/es\/enllac-amb-erp-i-altres-sistemes-connector-universal\/","og_locale":"es_ES","og_type":"article","og_title":"Enlace con ERP y otros sistemas (conector universal) - SoftNeos Suite","og_description":"Enlace con\u00a0ERP\u00a0y otros sistemas (conector universal)El proyecto\u00a0Universal Conector avanza una soluci\u00f3n innovadora, con el objetivo de conectar diferentes sistemas ampliamente utilizados a la industria. Su prop\u00f3sito principal es garantizar un \u00fanico dato existente entre sistemas, contribuyendo as\u00ed a la digitalizaci\u00f3n de las empresas y facilitando la implementaci\u00f3n.En su primera fase, desarrollada en 2022 en el [&hellip;]","og_url":"https:\/\/suite.softneos.com\/es\/enllac-amb-erp-i-altres-sistemes-connector-universal\/","og_site_name":"SoftNeos Suite","article_publisher":"https:\/\/www.facebook.com\/softneosinformatica","article_modified_time":"2025-02-24T13:06:57+00:00","twitter_card":"summary_large_image","twitter_site":"@softneoscom","twitter_misc":{"Tiempo de lectura":"3 minutos"},"schema":{"@context":"https:\/\/schema.org","@graph":[{"@type":"WebPage","@id":"https:\/\/suite.softneos.com\/es\/enllac-amb-erp-i-altres-sistemes-connector-universal\/","url":"https:\/\/suite.softneos.com\/es\/enllac-amb-erp-i-altres-sistemes-connector-universal\/","name":"Enlace con ERP y otros sistemas (conector universal) - SoftNeos Suite","isPartOf":{"@id":"https:\/\/suite.softneos.com\/#website"},"datePublished":"2025-01-15T12:46:37+00:00","dateModified":"2025-02-24T13:06:57+00:00","breadcrumb":{"@id":"https:\/\/suite.softneos.com\/es\/enllac-amb-erp-i-altres-sistemes-connector-universal\/#breadcrumb"},"inLanguage":"es","potentialAction":[{"@type":"ReadAction","target":["https:\/\/suite.softneos.com\/es\/enllac-amb-erp-i-altres-sistemes-connector-universal\/"]}]},{"@type":"BreadcrumbList","@id":"https:\/\/suite.softneos.com\/es\/enllac-amb-erp-i-altres-sistemes-connector-universal\/#breadcrumb","itemListElement":[{"@type":"ListItem","position":1,"name":"Portada","item":"https:\/\/suite.softneos.com\/es\/"},{"@type":"ListItem","position":2,"name":"Enlace con ERP y otros sistemas (conector universal)"}]},{"@type":"WebSite","@id":"https:\/\/suite.softneos.com\/#website","url":"https:\/\/suite.softneos.com\/","name":"SoftNeos Suite","description":"SoftNeos Suite","publisher":{"@id":"https:\/\/suite.softneos.com\/#organization"},"potentialAction":[{"@type":"SearchAction","target":{"@type":"EntryPoint","urlTemplate":"https:\/\/suite.softneos.com\/?s={search_term_string}"},"query-input":{"@type":"PropertyValueSpecification","valueRequired":true,"valueName":"search_term_string"}}],"inLanguage":"es"},{"@type":"Organization","@id":"https:\/\/suite.softneos.com\/#organization","name":"Softneos Suite","alternateName":"Softneos Suite Cloud","url":"https:\/\/suite.softneos.com\/","logo":{"@type":"ImageObject","inLanguage":"es","@id":"https:\/\/suite.softneos.com\/#\/schema\/logo\/image\/","url":"https:\/\/suite.softneos.com\/wp-content\/uploads\/2022\/04\/logo_softneossuitecloud_black.png","contentUrl":"https:\/\/suite.softneos.com\/wp-content\/uploads\/2022\/04\/logo_softneossuitecloud_black.png","width":1838,"height":596,"caption":"Softneos Suite"},"image":{"@id":"https:\/\/suite.softneos.com\/#\/schema\/logo\/image\/"},"sameAs":["https:\/\/www.facebook.com\/softneosinformatica","https:\/\/x.com\/softneoscom","https:\/\/www.instagram.com\/softneos_\/","https:\/\/es.linkedin.com\/company\/softneos"]}]}},"_links":{"self":[{"href":"https:\/\/suite.softneos.com\/es\/wp-json\/wp\/v2\/pages\/2859","targetHints":{"allow":["GET"]}}],"collection":[{"href":"https:\/\/suite.softneos.com\/es\/wp-json\/wp\/v2\/pages"}],"about":[{"href":"https:\/\/suite.softneos.com\/es\/wp-json\/wp\/v2\/types\/page"}],"author":[{"embeddable":true,"href":"https:\/\/suite.softneos.com\/es\/wp-json\/wp\/v2\/users\/1"}],"replies":[{"embeddable":true,"href":"https:\/\/suite.softneos.com\/es\/wp-json\/wp\/v2\/comments?post=2859"}],"version-history":[{"count":2,"href":"https:\/\/suite.softneos.com\/es\/wp-json\/wp\/v2\/pages\/2859\/revisions"}],"predecessor-version":[{"id":2869,"href":"https:\/\/suite.softneos.com\/es\/wp-json\/wp\/v2\/pages\/2859\/revisions\/2869"}],"wp:attachment":[{"href":"https:\/\/suite.softneos.com\/es\/wp-json\/wp\/v2\/media?parent=2859"}],"curies":[{"name":"wp","href":"https:\/\/api.w.org\/{rel}","templated":true}]}}