{"id":2383,"date":"2023-10-05T13:33:22","date_gmt":"2023-10-05T11:33:22","guid":{"rendered":"https:\/\/suite.softneos.com\/?page_id=2383"},"modified":"2023-10-06T12:37:48","modified_gmt":"2023-10-06T10:37:48","slug":"almacen","status":"publish","type":"page","link":"https:\/\/suite.softneos.com\/es\/almacen\/","title":{"rendered":"Almac\u00e9n"},"content":{"rendered":"<p>[et_pb_section fb_built=\u00bb1&#8243; _builder_version=\u00bb4.20.2&#8243; background_color=\u00bb#f7f7f7&#8243; use_background_color_gradient=\u00bbon\u00bb background_color_gradient_direction=\u00bb250deg\u00bb background_color_gradient_stops=\u00bbrgba(0,61,132,0.85) 0%|rgba(195,213,0,0.84) 100%\u00bb background_color_gradient_overlays_image=\u00bbon\u00bb background_image=\u00bbhttps:\/\/suite.softneos.com\/wp-content\/uploads\/2023\/10\/bg-almacenes.jpg\u00bb module_alignment=\u00bbcenter\u00bb custom_padding=\u00bb0px|0px|0px|0px|false|false\u00bb top_divider_color=\u00bb#686868&#8243; bottom_divider_style=\u00bbarrow\u00bb bottom_divider_color=\u00bb#FFFFFF\u00bb background_last_edited=\u00bbon|phone\u00bb background_image_phone=\u00bb\/wp-content\/uploads\/2023\/06\/tarifas-bg-m-min.jpg\u00bb background_enable_image_phone=\u00bbon\u00bb locked=\u00bboff\u00bb global_colors_info=\u00bb{}\u00bb][et_pb_row make_equal=\u00bbon\u00bb module_class=\u00bbalign-items-center\u00bb _builder_version=\u00bb4.20.2&#8243; background_size=\u00bbinitial\u00bb background_position=\u00bbtop_left\u00bb background_repeat=\u00bbrepeat\u00bb module_alignment=\u00bbcenter\u00bb custom_margin=\u00bb|auto||223px|false|false\u00bb custom_padding=\u00bb100px|0px|100px|0px|true|false\u00bb global_colors_info=\u00bb{}\u00bb][et_pb_column type=\u00bb4_4&#8243; _builder_version=\u00bb4.20.2&#8243; custom_padding=\u00bb|30px||10px|false|false\u00bb global_colors_info=\u00bb{}\u00bb][et_pb_text _builder_version=\u00bb4.20.2&#8243; text_font=\u00bb||||||||\u00bb header_font=\u00bbPoppins|600|||||||\u00bb header_font_size=\u00bb4vw\u00bb header_line_height=\u00bb1.5em\u00bb text_orientation=\u00bbcenter\u00bb background_layout=\u00bbdark\u00bb max_width=\u00bb80%\u00bb max_width_tablet=\u00bb\u00bb max_width_phone=\u00bb\u00bb max_width_last_edited=\u00bbon|phone\u00bb module_alignment=\u00bbcenter\u00bb custom_margin=\u00bb||20px\u00bb animation_style=\u00bbfade\u00bb header_font_size_tablet=\u00bb38px\u00bb header_font_size_phone=\u00bb28px\u00bb header_font_size_last_edited=\u00bbon|phone\u00bb header_text_shadow_style=\u00bbpreset3&#8243; header_text_shadow_vertical_length=\u00bb0.3em\u00bb header_text_shadow_blur_strength=\u00bb1.4em\u00bb header_text_shadow_color=\u00bbrgba(0,0,0,0.24)\u00bb global_colors_info=\u00bb{}\u00bb header_3_font_size__hover=\u00bb22px\u00bb header_3_font_size__hover_enabled=\u00bb22px\u00bb header_3_letter_spacing__hover=\u00bb0px\u00bb header_3_letter_spacing__hover_enabled=\u00bb0px\u00bb header_3_line_height__hover=\u00bb1em\u00bb header_3_line_height__hover_enabled=\u00bb1em\u00bb header_3_text_shadow_style__hover=\u00bbnone\u00bb header_3_text_shadow_style__hover_enabled=\u00bbnone\u00bb header_3_text_shadow_color__hover=\u00bbrgba(0,0,0,0.4)\u00bb header_3_text_shadow_color__hover_enabled=\u00bbrgba(0,0,0,0.4)\u00bb]<\/p>\n<h1>Almac\u00e9n<\/h1>\n<p>[\/et_pb_text][et_pb_divider divider_weight=\u00bb2px\u00bb disabled_on=\u00bbon|on|on\u00bb _builder_version=\u00bb4.20.2&#8243; _module_preset=\u00bbdefault\u00bb width=\u00bb200px\u00bb module_alignment=\u00bbcenter\u00bb custom_margin=\u00bb|339px|10px||false|false\u00bb disabled=\u00bbon\u00bb locked=\u00bboff\u00bb global_colors_info=\u00bb{}\u00bb][\/et_pb_divider][et_pb_text disabled_on=\u00bbon|on|on\u00bb _builder_version=\u00bb4.20.2&#8243; _module_preset=\u00bbdefault\u00bb disabled=\u00bbon\u00bb global_colors_info=\u00bb{}\u00bb][\/et_pb_text][\/et_pb_column][\/et_pb_row][\/et_pb_section][et_pb_section fb_built=\u00bb1&#8243; _builder_version=\u00bb4.20.2&#8243; _module_preset=\u00bbdefault\u00bb global_colors_info=\u00bb{}\u00bb][et_pb_row _builder_version=\u00bb4.20.2&#8243; _module_preset=\u00bbdefault\u00bb global_colors_info=\u00bb{}\u00bb][et_pb_column type=\u00bb4_4&#8243; _builder_version=\u00bb4.20.2&#8243; _module_preset=\u00bbdefault\u00bb global_colors_info=\u00bb{}\u00bb][et_pb_text _builder_version=\u00bb4.20.2&#8243; _module_preset=\u00bbdefault\u00bb global_colors_info=\u00bb{}\u00bb]<\/p>\n<h2 style=\"text-align: center; color: #003d84 !important;\">Sistema de gesti\u00f3n empresarial que permite tener el control de las compras y almac\u00e9n de forma \u00e1gil y eficiente<\/h2>\n<p>[\/et_pb_text][\/et_pb_column][\/et_pb_row][et_pb_row column_structure=\u00bb1_3,1_3,1_3&#8243; make_equal=\u00bbon\u00bb _builder_version=\u00bb4.20.2&#8243; background_size=\u00bbinitial\u00bb background_position=\u00bbtop_left\u00bb background_repeat=\u00bbrepeat\u00bb width=\u00bb90%\u00bb module_alignment=\u00bbcenter\u00bb custom_margin=\u00bb|0px||0px|false|false\u00bb custom_padding=\u00bb|0px||0px|false|false\u00bb custom_css_main_element=\u00bbdisplay: flex;||justify-content: space-between;||align-items: stretch;\u00bb locked=\u00bboff\u00bb global_colors_info=\u00bb{}\u00bb custom_css_main_element_last_edited=\u00bbon|phone\u00bb custom_css_main_element_phone=\u00bbdisplay: flex;||flex-direction: column;\u00bb custom_css_main_element_tablet=\u00bbdisplay: flex;||justify-content: space-between;||align-items: stretch;\u00bb][et_pb_column type=\u00bb1_3&#8243; module_class=\u00bbborder_gris1&#8243; _builder_version=\u00bb4.20.2&#8243; custom_padding=\u00bb15px|15px|15px|15px|true|true\u00bb custom_css_main_element=\u00bbflex: 0 1 calc(33% &#8211; 1rem);||\u00bb border_radii=\u00bbon|15px|15px|15px|15px\u00bb border_color_all=\u00bbRGBA(255,255,255,0)\u00bb box_shadow_style=\u00bbpreset1&#8243; global_colors_info=\u00bb{}\u00bb custom_padding__hover=\u00bb|||\u00bb][et_pb_image src=\u00bbhttps:\/\/suite.softneos.com\/wp-content\/uploads\/2023\/10\/pc-pedidos-compra-1-scaled.jpg\u00bb alt=\u00bbServeis de programaci\u00f3 | Softneos Suite\u00bb title_text=\u00bbpc-pedidos-compra\u00bb align=\u00bbcenter\u00bb force_fullwidth=\u00bbon\u00bb align_tablet=\u00bbcenter\u00bb align_phone=\u00bb\u00bb align_last_edited=\u00bbon|desktop\u00bb _builder_version=\u00bb4.20.2&#8243; module_alignment=\u00bbcenter\u00bb max_height=\u00bb180px\u00bb custom_margin=\u00bb0px|0px|-15px|0px|false|false\u00bb custom_padding=\u00bb0px|0px|0px|0px|true|true\u00bb global_colors_info=\u00bb{}\u00bb][\/et_pb_image][et_pb_divider divider_weight=\u00bb2px\u00bb _builder_version=\u00bb4.20.2&#8243; _module_preset=\u00bbdefault\u00bb width=\u00bb100px\u00bb module_alignment=\u00bbleft\u00bb custom_margin=\u00bb0px||||false|false\u00bb global_colors_info=\u00bb{}\u00bb][\/et_pb_divider][et_pb_text _builder_version=\u00bb4.20.2&#8243; text_font=\u00bbPoppins|600|||||||\u00bb text_text_color=\u00bb#232323&#8243; text_font_size=\u00bb18px\u00bb global_colors_info=\u00bb{}\u00bb]<\/p>\n<h3><span class=\"gradient-text\">Gesti\u00f3n de compras automatizadas<\/span><\/h3>\n<p>[\/et_pb_text][\/et_pb_column][et_pb_column type=\u00bb1_3&#8243; module_class=\u00bbborder_gris1&#8243; _builder_version=\u00bb4.20.2&#8243; custom_padding=\u00bb15px|15px|15px|15px|true|true\u00bb custom_css_main_element=\u00bbflex: 0 1 calc(33% &#8211; 1rem);\u00bb border_radii=\u00bbon|15px|15px|15px|15px\u00bb border_color_all=\u00bbRGBA(255,255,255,0)\u00bb box_shadow_style=\u00bbpreset1&#8243; global_colors_info=\u00bb{}\u00bb custom_padding__hover=\u00bb|||\u00bb][et_pb_image src=\u00bbhttps:\/\/suite.softneos.com\/wp-content\/uploads\/2023\/10\/tablet-sobre-la-taula-scaled.jpg\u00bb alt=\u00bbDisseny i creaci\u00f3 de p\u00e0gines web | Softneos Suite\u00bb title_text=\u00bbtablet-sobre-la-taula\u00bb align=\u00bbcenter\u00bb force_fullwidth=\u00bbon\u00bb align_tablet=\u00bbcenter\u00bb align_phone=\u00bb\u00bb align_last_edited=\u00bbon|desktop\u00bb _builder_version=\u00bb4.20.2&#8243; module_alignment=\u00bbcenter\u00bb max_height=\u00bb180px\u00bb custom_margin=\u00bb0px|0px|-15px|0px|false|false\u00bb custom_padding=\u00bb0px|0px|0px|0px|true|true\u00bb global_colors_info=\u00bb{}\u00bb][\/et_pb_image][et_pb_divider divider_weight=\u00bb2px\u00bb _builder_version=\u00bb4.20.2&#8243; _module_preset=\u00bbdefault\u00bb width=\u00bb100px\u00bb module_alignment=\u00bbleft\u00bb custom_margin=\u00bb0px||||false|false\u00bb global_colors_info=\u00bb{}\u00bb][\/et_pb_divider][et_pb_text _builder_version=\u00bb4.20.2&#8243; text_font=\u00bbPoppins|600|||||||\u00bb text_text_color=\u00bb#232323&#8243; text_font_size=\u00bb18px\u00bb global_colors_info=\u00bb{}\u00bb]<\/p>\n<h3><span class=\"gradient-text\">Albaranes sincronizados a tu sistema de facturaci\u00f3n<\/span><\/h3>\n<p>[\/et_pb_text][\/et_pb_column][et_pb_column type=\u00bb1_3&#8243; module_class=\u00bbborder_gris1&#8243; _builder_version=\u00bb4.20.2&#8243; custom_padding=\u00bb15px|15px|15px|15px|true|true\u00bb custom_css_main_element=\u00bbflex: 0 1 calc(33% &#8211; 1rem);\u00bb border_radii=\u00bbon|15px|15px|15px|15px\u00bb border_color_all=\u00bbRGBA(255,255,255,0)\u00bb box_shadow_style=\u00bbpreset1&#8243; global_colors_info=\u00bb{}\u00bb custom_padding__hover=\u00bb|||\u00bb][et_pb_image src=\u00bbhttps:\/\/suite.softneos.com\/wp-content\/uploads\/2023\/06\/analisis-cartera-clientes-min.jpg\u00bb alt=\u00bbExternalitzaci\u00f3 de serveis informatics | Softneos Suite\u00bb title_text=\u00bbanalisis-cartera-clientes-min\u00bb align=\u00bbcenter\u00bb force_fullwidth=\u00bbon\u00bb align_tablet=\u00bbcenter\u00bb align_phone=\u00bb\u00bb align_last_edited=\u00bbon|desktop\u00bb _builder_version=\u00bb4.20.2&#8243; module_alignment=\u00bbcenter\u00bb max_height=\u00bb180px\u00bb custom_margin=\u00bb0px|0px|-15px|0px|false|false\u00bb custom_padding=\u00bb0px|0px|0px|0px|true|true\u00bb global_colors_info=\u00bb{}\u00bb][\/et_pb_image][et_pb_divider divider_weight=\u00bb2px\u00bb _builder_version=\u00bb4.20.2&#8243; _module_preset=\u00bbdefault\u00bb width=\u00bb100px\u00bb module_alignment=\u00bbleft\u00bb custom_margin=\u00bb0px||||false|false\u00bb global_colors_info=\u00bb{}\u00bb][\/et_pb_divider][et_pb_text _builder_version=\u00bb4.20.2&#8243; text_font=\u00bbPoppins|600|||||||\u00bb text_text_color=\u00bb#232323&#8243; text_font_size=\u00bb18px\u00bb global_colors_info=\u00bb{}\u00bb]<\/p>\n<h3><span class=\"gradient-text\">C\u00e1lculo de necesidades automatizadas seg\u00fan OFs y estoc m\u00ednimo<\/span><\/h3>\n<p>[\/et_pb_text][\/et_pb_column][\/et_pb_row][et_pb_row column_structure=\u00bb1_3,1_3,1_3&#8243; make_equal=\u00bbon\u00bb _builder_version=\u00bb4.20.2&#8243; background_size=\u00bbinitial\u00bb background_position=\u00bbtop_left\u00bb background_repeat=\u00bbrepeat\u00bb width=\u00bb90%\u00bb module_alignment=\u00bbcenter\u00bb custom_margin=\u00bb|0px||0px|false|false\u00bb custom_padding=\u00bb|0px||0px|false|false\u00bb custom_css_main_element=\u00bbdisplay: flex;||justify-content: space-between;||align-items: stretch;\u00bb locked=\u00bboff\u00bb global_colors_info=\u00bb{}\u00bb custom_css_main_element_last_edited=\u00bbon|phone\u00bb custom_css_main_element_phone=\u00bbdisplay: flex;||flex-direction: column;\u00bb custom_css_main_element_tablet=\u00bbdisplay: flex;||justify-content: space-between;||align-items: stretch;\u00bb][et_pb_column type=\u00bb1_3&#8243; module_class=\u00bbborder_gris1&#8243; _builder_version=\u00bb4.20.2&#8243; custom_padding=\u00bb15px|15px|15px|15px|true|true\u00bb custom_css_main_element=\u00bbflex: 0 1 calc(33% &#8211; 1rem);||\u00bb border_radii=\u00bbon|15px|15px|15px|15px\u00bb border_color_all=\u00bbRGBA(255,255,255,0)\u00bb box_shadow_style=\u00bbpreset1&#8243; global_colors_info=\u00bb{}\u00bb custom_padding__hover=\u00bb|||\u00bb][et_pb_image src=\u00bbhttps:\/\/suite.softneos.com\/wp-content\/uploads\/2023\/06\/optimizacion-compra-materiales-min.jpg\u00bb alt=\u00bbServeis de programaci\u00f3 | Softneos Suite\u00bb title_text=\u00bboptimizacion-compra-materiales-min\u00bb align=\u00bbcenter\u00bb force_fullwidth=\u00bbon\u00bb align_tablet=\u00bbcenter\u00bb align_phone=\u00bb\u00bb align_last_edited=\u00bbon|desktop\u00bb _builder_version=\u00bb4.20.2&#8243; module_alignment=\u00bbcenter\u00bb max_height=\u00bb180px\u00bb custom_margin=\u00bb0px|0px|-15px|0px|false|false\u00bb custom_padding=\u00bb0px|0px|0px|0px|true|true\u00bb global_colors_info=\u00bb{}\u00bb][\/et_pb_image][et_pb_divider divider_weight=\u00bb2px\u00bb _builder_version=\u00bb4.20.2&#8243; _module_preset=\u00bbdefault\u00bb width=\u00bb100px\u00bb module_alignment=\u00bbleft\u00bb custom_margin=\u00bb0px||||false|false\u00bb global_colors_info=\u00bb{}\u00bb][\/et_pb_divider][et_pb_text _builder_version=\u00bb4.20.2&#8243; text_font=\u00bbPoppins|600|||||||\u00bb text_text_color=\u00bb#232323&#8243; text_font_size=\u00bb18px\u00bb global_colors_info=\u00bb{}\u00bb]<\/p>\n<h3><span class=\"gradient-text\">Control de estoc a tiempo real de materias primas y productos<\/span><\/h3>\n<p>[\/et_pb_text][\/et_pb_column][et_pb_column type=\u00bb1_3&#8243; module_class=\u00bbborder_gris1&#8243; _builder_version=\u00bb4.20.2&#8243; custom_padding=\u00bb15px|15px|15px|15px|true|true\u00bb custom_css_main_element=\u00bbflex: 0 1 calc(33% &#8211; 1rem);\u00bb border_radii=\u00bbon|15px|15px|15px|15px\u00bb border_color_all=\u00bbRGBA(255,255,255,0)\u00bb box_shadow_style=\u00bbpreset1&#8243; global_colors_info=\u00bb{}\u00bb custom_padding__hover=\u00bb|||\u00bb][et_pb_image src=\u00bbhttps:\/\/suite.softneos.com\/wp-content\/uploads\/2023\/10\/historico-movimientos.jpg.png\u00bb alt=\u00bbDisseny i creaci\u00f3 de p\u00e0gines web | Softneos Suite\u00bb title_text=\u00bbhistorico-movimientos.jpg\u00bb align=\u00bbcenter\u00bb force_fullwidth=\u00bbon\u00bb align_tablet=\u00bbcenter\u00bb align_phone=\u00bb\u00bb align_last_edited=\u00bbon|desktop\u00bb _builder_version=\u00bb4.20.2&#8243; module_alignment=\u00bbcenter\u00bb max_height=\u00bb180px\u00bb custom_margin=\u00bb0px|0px|-15px|0px|false|false\u00bb custom_padding=\u00bb0px|0px|0px|0px|true|true\u00bb global_colors_info=\u00bb{}\u00bb][\/et_pb_image][et_pb_divider divider_weight=\u00bb2px\u00bb _builder_version=\u00bb4.20.2&#8243; _module_preset=\u00bbdefault\u00bb width=\u00bb100px\u00bb module_alignment=\u00bbleft\u00bb custom_margin=\u00bb0px||||false|false\u00bb global_colors_info=\u00bb{}\u00bb][\/et_pb_divider][et_pb_text _builder_version=\u00bb4.20.2&#8243; text_font=\u00bbPoppins|600|||||||\u00bb text_text_color=\u00bb#232323&#8243; text_font_size=\u00bb18px\u00bb global_colors_info=\u00bb{}\u00bb]<\/p>\n<h3><span class=\"gradient-text\">Movimientos de estoc automatizados seg\u00fan OFs<\/span><\/h3>\n<p>[\/et_pb_text][\/et_pb_column][et_pb_column type=\u00bb1_3&#8243; module_class=\u00bbborder_gris1&#8243; _builder_version=\u00bb4.20.2&#8243; custom_padding=\u00bb15px|15px|15px|15px|true|true\u00bb custom_css_main_element=\u00bbflex: 0 1 calc(33% &#8211; 1rem);\u00bb border_radii=\u00bbon|15px|15px|15px|15px\u00bb border_color_all=\u00bbRGBA(255,255,255,0)\u00bb box_shadow_style=\u00bbpreset1&#8243; global_colors_info=\u00bb{}\u00bb custom_padding__hover=\u00bb|||\u00bb][et_pb_image src=\u00bbhttps:\/\/suite.softneos.com\/wp-content\/uploads\/2023\/10\/Regularitzacio-stock-1-scaled.jpg\u00bb alt=\u00bbExternalitzaci\u00f3 de serveis informatics | Softneos Suite\u00bb title_text=\u00bbRegularitzacio-stock\u00bb align=\u00bbcenter\u00bb force_fullwidth=\u00bbon\u00bb align_tablet=\u00bbcenter\u00bb align_phone=\u00bb\u00bb align_last_edited=\u00bbon|desktop\u00bb _builder_version=\u00bb4.20.2&#8243; module_alignment=\u00bbcenter\u00bb max_height=\u00bb180px\u00bb custom_margin=\u00bb0px|0px|-15px|0px|false|false\u00bb custom_padding=\u00bb0px|0px|0px|0px|true|true\u00bb global_colors_info=\u00bb{}\u00bb][\/et_pb_image][et_pb_divider divider_weight=\u00bb2px\u00bb _builder_version=\u00bb4.20.2&#8243; _module_preset=\u00bbdefault\u00bb width=\u00bb100px\u00bb module_alignment=\u00bbleft\u00bb custom_margin=\u00bb0px||||false|false\u00bb global_colors_info=\u00bb{}\u00bb][\/et_pb_divider][et_pb_text _builder_version=\u00bb4.20.2&#8243; text_font=\u00bbPoppins|600|||||||\u00bb text_text_color=\u00bb#232323&#8243; text_font_size=\u00bb18px\u00bb global_colors_info=\u00bb{}\u00bb]<\/p>\n<h3><span class=\"gradient-text\">Regularizaciones<\/span><\/h3>\n<p>[\/et_pb_text][\/et_pb_column][\/et_pb_row][\/et_pb_section]<\/p>\n","protected":false},"excerpt":{"rendered":"<p>Almac\u00e9nSistema de gesti\u00f3n empresarial que permite tener el control de las compras y almac\u00e9n de forma \u00e1gil y eficienteGesti\u00f3n de compras automatizadasAlbaranes sincronizados a tu sistema de facturaci\u00f3nC\u00e1lculo de necesidades automatizadas seg\u00fan OFs y estoc m\u00ednimoControl de estoc a tiempo real de materias primas y productosMovimientos de estoc automatizados seg\u00fan OFsRegularizaciones<\/p>\n","protected":false},"author":1,"featured_media":0,"parent":0,"menu_order":0,"comment_status":"closed","ping_status":"closed","template":"","meta":{"_et_pb_use_builder":"on","_et_pb_old_content":"<!-- wp:divi\/placeholder \/-->","_et_gb_content_width":"","footnotes":""},"class_list":["post-2383","page","type-page","status-publish","hentry"],"yoast_head":"<!-- This site is optimized with the Yoast SEO plugin v25.6 - https:\/\/yoast.com\/wordpress\/plugins\/seo\/ -->\n<title>Almac\u00e9n - SoftNeos Suite<\/title>\n<meta name=\"robots\" content=\"index, follow, max-snippet:-1, max-image-preview:large, max-video-preview:-1\" \/>\n<link rel=\"canonical\" href=\"https:\/\/suite.softneos.com\/es\/almacen\/\" \/>\n<meta property=\"og:locale\" content=\"es_ES\" \/>\n<meta property=\"og:type\" content=\"article\" \/>\n<meta property=\"og:title\" content=\"Almac\u00e9n - SoftNeos Suite\" \/>\n<meta property=\"og:description\" content=\"Almac\u00e9nSistema de gesti\u00f3n empresarial que permite tener el control de las compras y almac\u00e9n de forma \u00e1gil y eficienteGesti\u00f3n de compras automatizadasAlbaranes sincronizados a tu sistema de facturaci\u00f3nC\u00e1lculo de necesidades automatizadas seg\u00fan OFs y estoc m\u00ednimoControl de estoc a tiempo real de materias primas y productosMovimientos de estoc automatizados seg\u00fan OFsRegularizaciones\" \/>\n<meta property=\"og:url\" content=\"https:\/\/suite.softneos.com\/es\/almacen\/\" \/>\n<meta property=\"og:site_name\" content=\"SoftNeos Suite\" \/>\n<meta property=\"article:publisher\" content=\"https:\/\/www.facebook.com\/softneosinformatica\" \/>\n<meta property=\"article:modified_time\" content=\"2023-10-06T10:37:48+00:00\" \/>\n<meta name=\"twitter:card\" content=\"summary_large_image\" \/>\n<meta name=\"twitter:site\" content=\"@softneoscom\" \/>\n<!-- \/ Yoast SEO plugin. -->","yoast_head_json":{"title":"Almac\u00e9n - SoftNeos Suite","robots":{"index":"index","follow":"follow","max-snippet":"max-snippet:-1","max-image-preview":"max-image-preview:large","max-video-preview":"max-video-preview:-1"},"canonical":"https:\/\/suite.softneos.com\/es\/almacen\/","og_locale":"es_ES","og_type":"article","og_title":"Almac\u00e9n - SoftNeos Suite","og_description":"Almac\u00e9nSistema de gesti\u00f3n empresarial que permite tener el control de las compras y almac\u00e9n de forma \u00e1gil y eficienteGesti\u00f3n de compras automatizadasAlbaranes sincronizados a tu sistema de facturaci\u00f3nC\u00e1lculo de necesidades automatizadas seg\u00fan OFs y estoc m\u00ednimoControl de estoc a tiempo real de materias primas y productosMovimientos de estoc automatizados seg\u00fan OFsRegularizaciones","og_url":"https:\/\/suite.softneos.com\/es\/almacen\/","og_site_name":"SoftNeos Suite","article_publisher":"https:\/\/www.facebook.com\/softneosinformatica","article_modified_time":"2023-10-06T10:37:48+00:00","twitter_card":"summary_large_image","twitter_site":"@softneoscom","schema":{"@context":"https:\/\/schema.org","@graph":[{"@type":"WebPage","@id":"https:\/\/suite.softneos.com\/es\/almacen\/","url":"https:\/\/suite.softneos.com\/es\/almacen\/","name":"Almac\u00e9n - SoftNeos Suite","isPartOf":{"@id":"https:\/\/suite.softneos.com\/#website"},"datePublished":"2023-10-05T11:33:22+00:00","dateModified":"2023-10-06T10:37:48+00:00","breadcrumb":{"@id":"https:\/\/suite.softneos.com\/es\/almacen\/#breadcrumb"},"inLanguage":"es","potentialAction":[{"@type":"ReadAction","target":["https:\/\/suite.softneos.com\/es\/almacen\/"]}]},{"@type":"BreadcrumbList","@id":"https:\/\/suite.softneos.com\/es\/almacen\/#breadcrumb","itemListElement":[{"@type":"ListItem","position":1,"name":"Portada","item":"https:\/\/suite.softneos.com\/es\/"},{"@type":"ListItem","position":2,"name":"Almac\u00e9n"}]},{"@type":"WebSite","@id":"https:\/\/suite.softneos.com\/#website","url":"https:\/\/suite.softneos.com\/","name":"SoftNeos Suite","description":"SoftNeos Suite","publisher":{"@id":"https:\/\/suite.softneos.com\/#organization"},"potentialAction":[{"@type":"SearchAction","target":{"@type":"EntryPoint","urlTemplate":"https:\/\/suite.softneos.com\/?s={search_term_string}"},"query-input":{"@type":"PropertyValueSpecification","valueRequired":true,"valueName":"search_term_string"}}],"inLanguage":"es"},{"@type":"Organization","@id":"https:\/\/suite.softneos.com\/#organization","name":"Softneos Suite","alternateName":"Softneos Suite Cloud","url":"https:\/\/suite.softneos.com\/","logo":{"@type":"ImageObject","inLanguage":"es","@id":"https:\/\/suite.softneos.com\/#\/schema\/logo\/image\/","url":"https:\/\/suite.softneos.com\/wp-content\/uploads\/2022\/04\/logo_softneossuitecloud_black.png","contentUrl":"https:\/\/suite.softneos.com\/wp-content\/uploads\/2022\/04\/logo_softneossuitecloud_black.png","width":1838,"height":596,"caption":"Softneos Suite"},"image":{"@id":"https:\/\/suite.softneos.com\/#\/schema\/logo\/image\/"},"sameAs":["https:\/\/www.facebook.com\/softneosinformatica","https:\/\/x.com\/softneoscom","https:\/\/www.instagram.com\/softneos_\/","https:\/\/es.linkedin.com\/company\/softneos"]}]}},"_links":{"self":[{"href":"https:\/\/suite.softneos.com\/es\/wp-json\/wp\/v2\/pages\/2383","targetHints":{"allow":["GET"]}}],"collection":[{"href":"https:\/\/suite.softneos.com\/es\/wp-json\/wp\/v2\/pages"}],"about":[{"href":"https:\/\/suite.softneos.com\/es\/wp-json\/wp\/v2\/types\/page"}],"author":[{"embeddable":true,"href":"https:\/\/suite.softneos.com\/es\/wp-json\/wp\/v2\/users\/1"}],"replies":[{"embeddable":true,"href":"https:\/\/suite.softneos.com\/es\/wp-json\/wp\/v2\/comments?post=2383"}],"version-history":[{"count":7,"href":"https:\/\/suite.softneos.com\/es\/wp-json\/wp\/v2\/pages\/2383\/revisions"}],"predecessor-version":[{"id":2427,"href":"https:\/\/suite.softneos.com\/es\/wp-json\/wp\/v2\/pages\/2383\/revisions\/2427"}],"wp:attachment":[{"href":"https:\/\/suite.softneos.com\/es\/wp-json\/wp\/v2\/media?parent=2383"}],"curies":[{"name":"wp","href":"https:\/\/api.w.org\/{rel}","templated":true}]}}