{"id":1621,"date":"2023-07-19T13:02:12","date_gmt":"2023-07-19T11:02:12","guid":{"rendered":"https:\/\/suite.softneos.com\/?page_id=1621"},"modified":"2023-07-19T13:02:12","modified_gmt":"2023-07-19T11:02:12","slug":"politica-de-cookies","status":"publish","type":"page","link":"https:\/\/suite.softneos.com\/es\/politica-de-cookies\/","title":{"rendered":"Pol\u00edtica de Cookies"},"content":{"rendered":"<p>[et_pb_section fb_built=\u00bb1&#8243; theme_builder_area=\u00bbpost_content\u00bb _builder_version=\u00bb4.20.2&#8243; _module_preset=\u00bbdefault\u00bb][et_pb_row _builder_version=\u00bb4.20.2&#8243; _module_preset=\u00bbdefault\u00bb global_colors_info=\u00bb{}\u00bb locked=\u00bboff\u00bb theme_builder_area=\u00bbpost_content\u00bb][et_pb_column type=\u00bb4_4&#8243; _builder_version=\u00bb4.20.2&#8243; _module_preset=\u00bbdefault\u00bb global_colors_info=\u00bb{}\u00bb theme_builder_area=\u00bbpost_content\u00bb][et_pb_text _builder_version=\u00bb4.20.2&#8243; _module_preset=\u00bbdefault\u00bb hover_enabled=\u00bb0&#8243; global_colors_info=\u00bb{}\u00bb theme_builder_area=\u00bbpost_content\u00bb sticky_enabled=\u00bb0&#8243;]<\/p>\n<h1>POL\u00cdTICA DE COOKIES<\/h1>\n<p>[\/et_pb_text][et_pb_text _builder_version=\u00bb4.20.2&#8243; _module_preset=\u00bbdefault\u00bb hover_enabled=\u00bb0&#8243; global_colors_info=\u00bb{}\u00bb theme_builder_area=\u00bbpost_content\u00bb sticky_enabled=\u00bb0&#8243;]<\/p>\n<p>A trav\u00e9s de este sitio web no se solicitan datos de car\u00e1cter personal de los usuarios sin su conocimiento, ni se ceden a terceros. Con el fin de ofrecerle el mejor servicio y con el objeto de facilitar su uso, se analizan el n\u00famero de p\u00e1ginas visitadas, el n\u00famero de visitas, as\u00ed como la actividad de los visitantes y su frecuencia de utilizaci\u00f3n. A tal efecto, Softneos Engineering and Computer Services, SL utiliza la informaci\u00f3n estad\u00edstica elaborada por su Proveedor de Servicios de Internet.<\/p>\n<p>&nbsp;<\/p>\n<p>Softneos Engineering and Computer Services, SL no utiliza cookies para recoger informaci\u00f3n de los usuarios, ni registra las direcciones IP de acceso. \u00danicamente se utilizan cookies propias, de sesi\u00f3n, con finalidad t\u00e9cnica (aquellas que permiten al usuario la navegaci\u00f3n a trav\u00e9s del sitio web y la utilizaci\u00f3n de las diferentes opciones y servicios existentes).<\/p>\n<p>El portal del que es titular\u00a0Softneos Engineering and Computer Services, S.L. contiene enlaces a sitios web de terceros cuyas pol\u00edticas de privacidad son ajenas a la de Softneos Engineering and Computer Services, S.L. Al acceder a estos sitios web usted puede decidir si acepta sus pol\u00edticas de privacidad y cookies. A todos los efectos, si navega por internet usted puede aceptar o rechazar las cookies de terceros desde las opciones de configuraci\u00f3n de su navegador.<\/p>\n<p>\u00bfPOR QU\u00c9 UTILIZAMOS COOKIES?<\/p>\n<p>Los servicios de Softneos Engineering and Computer Services, S.L. utilizan cookies:<br \/>&#8211; Con el objetivo de ofrecer al usuario contenidos e informaci\u00f3n m\u00e1s adecuados a sus intereses y facilitar su navegaci\u00f3n a trav\u00e9s de nuestros servicios.<br \/>&#8211; Para registrar las preferencias del usuario y proporcionarle un acceso m\u00e1s r\u00e1pido.<br \/>&#8211; Para personalizar los servicios que Softneos Engineering and Computer Services, S.L. facilitando y ofreciendo a cada usuario informaci\u00f3n que es de su inter\u00e9s o que puede ser de su inter\u00e9s, bas\u00e1ndose en el uso que realiza de estos servicios.<br \/>&#8211; Para conocer todos los servicios de Softneos Engineering and Computer Services, S.L. solicitados por los usuarios durante la navegaci\u00f3n, de forma que podr\u00e1n facilitar u ofrecer informaci\u00f3n adecuada a los gustos y preferencias de cada usuario.<\/p>\n<p>QU\u00c9 TIPO DE COOKIES EXISTE EN LOS SERVICIOS DE SOFTNEOS ENGINEERING AND COMPUTER SERVICES, S.L. \u00bfY QU\u00c9 SON SUS FINALIDADES?<\/p>\n<p>En funci\u00f3n de la duraci\u00f3n, las cookies se pueden dividir en:<br \/>\u2219 Cookies de sesi\u00f3n: \u00c9stas expiran cuando el usuario cierra el navegador y se borran del ordenador o dispositivo en ese momento.<br \/>\u2219 Cookies persistentes: Expire en funci\u00f3n de cu\u00e1ndo se cumpla el objetivo para el que sirven, por ejemplo, para que el usuario se mantenga identificado en los\u00a0Servicios de Softneos Engineering and Computer Services, S.L. o cuando se borran manualmente.<\/p>\n<p>En funci\u00f3n de quien crea la Cookie se clasifican en:<br \/>\u2219 Cookies propias: Son las que env\u00edan al ordenador o dispositivo del usuario, nuestros Servicios y son gestionadas exclusivamente por Softneos Engineering and Computer Services, S.L.<br \/>\u2219 Cookies de terceros: Aquellas que son enviadas por entidades ajenas a Softneos Engineering and Computer Services, S.L. y que se activan cuando se accede desde nuestros servicios a redes sociales o visualizar v\u00eddeos.<\/p>\n<p>No obstante, puede configurar su navegador, aceptando o rechazando todas las cookies, o bien seleccionar aquellas cuya instalaci\u00f3n admite y cu\u00e1les no, siguiendo uno de los siguientes procedimientos, dependiendo del navegador utilizado:<\/p>\n<p>Google Chrome\u00a0(en el Men\u00fa herramientas)<\/p>\n<p>Configuraci\u00f3n &gt; Mostrar opciones avanzadas &gt; Privacidad (Configuraci\u00f3n de Contenido) &gt; Cookies<\/p>\n<p>M\u00e1s informaci\u00f3n:\u00a0https:\/\/support.google.com\/chrome\/answer\/95647?hl=&#8230;<\/p>\n<p>Microsoft Internet Explorer\u00a0(en el Men\u00fa herramientas)<\/p>\n<p>Opciones de Internet &gt; Privacidad &gt; Avanzada<\/p>\n<p>M\u00e1s informaci\u00f3n:\u00a0http:\/\/windows.microsoft.com\/es-es\/internet-explor&#8230;<\/p>\n<p>Firefox<\/p>\n<p>Opciones &gt; Privacidad &gt; Cookies<\/p>\n<p>M\u00e1s informaci\u00f3n:\u00a0http:\/\/support.mozilla.org\/es\/kb\/habilitar-y-desha&#8230;<\/p>\n<p>Safari, iPad y iPhone<\/p>\n<p>Preferencias &gt; Privacidad<\/p>\n<p>M\u00e1s informaci\u00f3n:\u00a0http:\/\/www.apple.com\/es\/privacy\/use-of-cookies\/<\/p>\n<p>Opera<\/p>\n<p>Configuraci\u00f3n &gt; Opciones &gt; Avanzada &gt; Cookies<\/p>\n<p>M\u00e1s informaci\u00f3n:\u00a0http:\/\/help.opera.com\/Linux\/10.60\/es-ES\/cookies.ht&#8230;<\/p>\n<p>\u00bfQU\u00c9 COOKIES SE PUEDEN INSTALAR EN LOS SERVICIOS DE SOFTNEOS ENGINEERING AND COMPUTER SERVICES, S.L.?<\/p>\n<p>El acceso a los Servicios de Softneos Engineering and Computer Services, S.L. implica que se puedan instalar las Cookies, propias y\/o de terceros, que se detallan en el siguiente cuadro:<\/p>\n<p>[\/et_pb_text][et_pb_text _builder_version=\u00bb4.20.2&#8243; _module_preset=\u00bbdefault\u00bb width=\u00bb100%\u00bb global_colors_info=\u00bb{}\u00bb theme_builder_area=\u00bbpost_content\u00bb]<\/p>\n<p>&nbsp;<\/p>\n<table style=\"height: 96px; width: 100%; border-collapse: collapse; margin-left: auto; margin-right: auto;\" border=\"1\">\n<tbody>\n<tr style=\"height: 24px;\">\n<td style=\"width: 20%; height: 24px;\">Cookie<\/td>\n<td style=\"width: 20%; height: 24px;\">Nom<\/td>\n<td style=\"width: 20%; height: 24px;\">Objectiu<\/td>\n<td style=\"width: 20%; height: 24px;\">Temps d&#8217;expiraci\u00f3<\/td>\n<td style=\"width: 20%; height: 24px;\">M\u00e9s informaci\u00f3<\/td>\n<\/tr>\n<tr style=\"height: 24px;\">\n<td style=\"width: 20%; height: 24px;\">Google Analytics<\/td>\n<td style=\"width: 20%; height: 24px;\">_gat_gtag_UA_55043907_2<\/td>\n<td style=\"width: 20%; height: 24px;\">Almacenar un identificador de usuario \u00fanico<\/td>\n<td style=\"width: 20%; height: 24px;\">1 minuto<\/td>\n<td style=\"width: 20%; height: 24px;\"><a href=\"http:\/\/www.google.es\/intl\/es\/policies\/privacy\/\">Centro de privacidad de Google<\/a>\u00a0&#8211; <a href=\"https:\/\/tools.google.com\/dlpage\/gaoptout?hl=es\">Complemento de inhabilitaci\u00f3n de Google Analytics<\/a><\/td>\n<\/tr>\n<tr style=\"height: 24px;\">\n<td style=\"width: 20%; height: 24px;\">Google Analytics<\/td>\n<td style=\"width: 20%; height: 24px;\">_gid<\/td>\n<td style=\"width: 20%; height: 24px;\">Almacenar y contar las visitas de las p\u00e1ginas.<\/td>\n<td style=\"width: 20%; height: 24px;\">1 dia<\/td>\n<td style=\"width: 20%; height: 24px;\"><a href=\"http:\/\/www.google.es\/intl\/es\/policies\/privacy\/\">Centro de privacidad de Google<\/a>\u00a0&#8211; <a href=\"https:\/\/tools.google.com\/dlpage\/gaoptout?hl=es\">Complemento de inhabilitaci\u00f3n de Google Analytics<\/a><\/td>\n<\/tr>\n<tr style=\"height: 24px;\">\n<td style=\"width: 20%; height: 24px;\">Google Analytics<\/td>\n<td style=\"width: 20%; height: 24px;\">_ga<\/td>\n<td style=\"width: 20%; height: 24px;\">\n<p>Almacenar y contar las visitas de las p\u00e1ginas.<\/p>\n<p>&nbsp;<\/p>\n<\/td>\n<td style=\"width: 20%; height: 24px;\">2 a\u00f1os<\/td>\n<td style=\"width: 20%; height: 24px;\"><a href=\"http:\/\/www.google.es\/intl\/es\/policies\/privacy\/\">Centro de privacidad de Google<\/a>\u00a0 &#8211; <a href=\"https:\/\/tools.google.com\/dlpage\/gaoptout?hl=es\">Complemento de inhabilitaci\u00f3n de Google Analytics<\/a><\/td>\n<\/tr>\n<tr>\n<td style=\"width: 20%;\">Freshworks (CRM)<\/td>\n<td style=\"width: 20%;\">_fw_crm_v<\/td>\n<td style=\"width: 20%;\">\n<p><span style=\"font-size: 14px;\">Cookie para analizar sitios web utilitzada por Freshworks (CRM)\u00a0 para obtener informaci\u00f3 y fuentes de los visitantes<\/span><\/p>\n<p>&nbsp;<\/p>\n<\/td>\n<td style=\"width: 20%;\">6 meses<\/td>\n<td style=\"width: 20%;\"><a href=\"https:\/\/www.freshworks.com\/privacy\/\">Pol\u00edtica de privacidad de Freshworks<\/a><\/td>\n<\/tr>\n<\/tbody>\n<\/table>\n<p>.<\/p>\n<p>[\/et_pb_text][et_pb_text _builder_version=\u00bb4.20.2&#8243; _module_preset=\u00bbdefault\u00bb hover_enabled=\u00bb0&#8243; global_colors_info=\u00bb{}\u00bb theme_builder_area=\u00bbpost_content\u00bb sticky_enabled=\u00bb0&#8243;]<\/p>\n<p style=\"font-weight: 400;\">En otros sitios de\u00a0SOFTNEOS\u00a0se instalan cookies de terceros a todos sus visitantes, aunque no sean usuarios registrados en las correspondientes plataformas:<\/p>\n<ul style=\"font-weight: 400;\">\n<li>SOFTNEOS\u00a0<u>a Facebook<\/u>.\u00a0<em>Cookies<\/em>: datr, reg_fb_gate y reg_fb_ref. Les seves finalitats s\u00f3n descrites en la\u00a0<a href=\"https:\/\/www.facebook.com\/help\/cookies\">P\u00e1gina de Cookies de Facebook<\/a>.<\/li>\n<li>SOFTNEOS\u00a0\u00a0<u>a Twitter<\/u>.\u00a0<em>Cookies<\/em>: guest_id, __utma, __utmb, __utmc, __utmz, original_referer y _twitter_sess. Sus finalidades estan descritas en la <a href=\"https:\/\/twitter.com\/privacy\">P\u00e1gina de Privadesa de Twitter<\/a>.\u00a0<\/li>\n<li>SOFTNEOS\u00a0a<u>\u00a0LinkedIn<\/u>.\u00a0\u00a0<em>Cookies<\/em>: JSESSIONID, visit, bcookie, S-LI-IDC, L1e, X-LI-IDC, _qca, RT, __utma, __utmb, __utmc, __utmz, __utmv, leo_auth_token, lang. Sus finalidades estan descritas en la <a href=\"http:\/\/www.linkedin.com\/legal\/cookie-policy?trk=hb_ft_cookie\">P\u00e1gina de Cookies de LinkedIn<\/a>.<\/li>\n<\/ul>\n<p>[\/et_pb_text][\/et_pb_column][\/et_pb_row][\/et_pb_section]<\/p>\n","protected":false},"excerpt":{"rendered":"<p>POL\u00cdTICA DE COOKIESA trav\u00e9s de este sitio web no se solicitan datos de car\u00e1cter personal de los usuarios sin su conocimiento, ni se ceden a terceros. Con el fin de ofrecerle el mejor servicio y con el objeto de facilitar su uso, se analizan el n\u00famero de p\u00e1ginas visitadas, el n\u00famero de visitas, as\u00ed como [&hellip;]<\/p>\n","protected":false},"author":1,"featured_media":0,"parent":0,"menu_order":0,"comment_status":"closed","ping_status":"closed","template":"","meta":{"_et_pb_use_builder":"on","_et_pb_old_content":"<!-- wp:divi\/placeholder \/-->","_et_gb_content_width":"","footnotes":""},"class_list":["post-1621","page","type-page","status-publish","hentry"],"yoast_head":"<!-- This site is optimized with the Yoast SEO plugin v25.6 - https:\/\/yoast.com\/wordpress\/plugins\/seo\/ -->\n<title>Pol\u00edtica de Cookies - SoftNeos Suite<\/title>\n<meta name=\"robots\" content=\"index, follow, max-snippet:-1, max-image-preview:large, max-video-preview:-1\" \/>\n<link rel=\"canonical\" href=\"https:\/\/suite.softneos.com\/es\/politica-de-cookies\/\" \/>\n<meta property=\"og:locale\" content=\"es_ES\" \/>\n<meta property=\"og:type\" content=\"article\" \/>\n<meta property=\"og:title\" content=\"Pol\u00edtica de Cookies - SoftNeos Suite\" \/>\n<meta property=\"og:description\" content=\"POL\u00cdTICA DE COOKIESA trav\u00e9s de este sitio web no se solicitan datos de car\u00e1cter personal de los usuarios sin su conocimiento, ni se ceden a terceros. Con el fin de ofrecerle el mejor servicio y con el objeto de facilitar su uso, se analizan el n\u00famero de p\u00e1ginas visitadas, el n\u00famero de visitas, as\u00ed como [&hellip;]\" \/>\n<meta property=\"og:url\" content=\"https:\/\/suite.softneos.com\/es\/politica-de-cookies\/\" \/>\n<meta property=\"og:site_name\" content=\"SoftNeos Suite\" \/>\n<meta property=\"article:publisher\" content=\"https:\/\/www.facebook.com\/softneosinformatica\" \/>\n<meta name=\"twitter:card\" content=\"summary_large_image\" \/>\n<meta name=\"twitter:site\" content=\"@softneoscom\" \/>\n<meta name=\"twitter:label1\" content=\"Tiempo de lectura\" \/>\n\t<meta name=\"twitter:data1\" content=\"5 minutos\" \/>\n<!-- \/ Yoast SEO plugin. -->","yoast_head_json":{"title":"Pol\u00edtica de Cookies - SoftNeos Suite","robots":{"index":"index","follow":"follow","max-snippet":"max-snippet:-1","max-image-preview":"max-image-preview:large","max-video-preview":"max-video-preview:-1"},"canonical":"https:\/\/suite.softneos.com\/es\/politica-de-cookies\/","og_locale":"es_ES","og_type":"article","og_title":"Pol\u00edtica de Cookies - SoftNeos Suite","og_description":"POL\u00cdTICA DE COOKIESA trav\u00e9s de este sitio web no se solicitan datos de car\u00e1cter personal de los usuarios sin su conocimiento, ni se ceden a terceros. Con el fin de ofrecerle el mejor servicio y con el objeto de facilitar su uso, se analizan el n\u00famero de p\u00e1ginas visitadas, el n\u00famero de visitas, as\u00ed como [&hellip;]","og_url":"https:\/\/suite.softneos.com\/es\/politica-de-cookies\/","og_site_name":"SoftNeos Suite","article_publisher":"https:\/\/www.facebook.com\/softneosinformatica","twitter_card":"summary_large_image","twitter_site":"@softneoscom","twitter_misc":{"Tiempo de lectura":"5 minutos"},"schema":{"@context":"https:\/\/schema.org","@graph":[{"@type":"WebPage","@id":"https:\/\/suite.softneos.com\/es\/politica-de-cookies\/","url":"https:\/\/suite.softneos.com\/es\/politica-de-cookies\/","name":"Pol\u00edtica de Cookies - SoftNeos Suite","isPartOf":{"@id":"https:\/\/suite.softneos.com\/#website"},"datePublished":"2023-07-19T11:02:12+00:00","breadcrumb":{"@id":"https:\/\/suite.softneos.com\/es\/politica-de-cookies\/#breadcrumb"},"inLanguage":"es","potentialAction":[{"@type":"ReadAction","target":["https:\/\/suite.softneos.com\/es\/politica-de-cookies\/"]}]},{"@type":"BreadcrumbList","@id":"https:\/\/suite.softneos.com\/es\/politica-de-cookies\/#breadcrumb","itemListElement":[{"@type":"ListItem","position":1,"name":"Portada","item":"https:\/\/suite.softneos.com\/es\/"},{"@type":"ListItem","position":2,"name":"Pol\u00edtica de Cookies"}]},{"@type":"WebSite","@id":"https:\/\/suite.softneos.com\/#website","url":"https:\/\/suite.softneos.com\/","name":"SoftNeos Suite","description":"SoftNeos Suite","publisher":{"@id":"https:\/\/suite.softneos.com\/#organization"},"potentialAction":[{"@type":"SearchAction","target":{"@type":"EntryPoint","urlTemplate":"https:\/\/suite.softneos.com\/?s={search_term_string}"},"query-input":{"@type":"PropertyValueSpecification","valueRequired":true,"valueName":"search_term_string"}}],"inLanguage":"es"},{"@type":"Organization","@id":"https:\/\/suite.softneos.com\/#organization","name":"Softneos Suite","alternateName":"Softneos Suite Cloud","url":"https:\/\/suite.softneos.com\/","logo":{"@type":"ImageObject","inLanguage":"es","@id":"https:\/\/suite.softneos.com\/#\/schema\/logo\/image\/","url":"https:\/\/suite.softneos.com\/wp-content\/uploads\/2022\/04\/logo_softneossuitecloud_black.png","contentUrl":"https:\/\/suite.softneos.com\/wp-content\/uploads\/2022\/04\/logo_softneossuitecloud_black.png","width":1838,"height":596,"caption":"Softneos Suite"},"image":{"@id":"https:\/\/suite.softneos.com\/#\/schema\/logo\/image\/"},"sameAs":["https:\/\/www.facebook.com\/softneosinformatica","https:\/\/x.com\/softneoscom","https:\/\/www.instagram.com\/softneos_\/","https:\/\/es.linkedin.com\/company\/softneos"]}]}},"_links":{"self":[{"href":"https:\/\/suite.softneos.com\/es\/wp-json\/wp\/v2\/pages\/1621","targetHints":{"allow":["GET"]}}],"collection":[{"href":"https:\/\/suite.softneos.com\/es\/wp-json\/wp\/v2\/pages"}],"about":[{"href":"https:\/\/suite.softneos.com\/es\/wp-json\/wp\/v2\/types\/page"}],"author":[{"embeddable":true,"href":"https:\/\/suite.softneos.com\/es\/wp-json\/wp\/v2\/users\/1"}],"replies":[{"embeddable":true,"href":"https:\/\/suite.softneos.com\/es\/wp-json\/wp\/v2\/comments?post=1621"}],"version-history":[{"count":7,"href":"https:\/\/suite.softneos.com\/es\/wp-json\/wp\/v2\/pages\/1621\/revisions"}],"predecessor-version":[{"id":2261,"href":"https:\/\/suite.softneos.com\/es\/wp-json\/wp\/v2\/pages\/1621\/revisions\/2261"}],"wp:attachment":[{"href":"https:\/\/suite.softneos.com\/es\/wp-json\/wp\/v2\/media?parent=1621"}],"curies":[{"name":"wp","href":"https:\/\/api.w.org\/{rel}","templated":true}]}}